{"id":20,"date":"2020-08-18T14:26:43","date_gmt":"2020-08-18T12:26:43","guid":{"rendered":"http:\/\/nordos.fr\/?page_id=20"},"modified":"2020-08-18T15:26:35","modified_gmt":"2020-08-18T13:26:35","slug":"a-propos","status":"publish","type":"page","link":"https:\/\/nordos.fr\/index.php\/a-propos\/","title":{"rendered":"\u00c0 Propos"},"content":{"rendered":"\n<p>La fibre Optique \u00e0 la vitesse de la lumi\u00e8re <\/p>\n\n\n\n<p>Invent\u00e9 il y a plus de 50 ans, la fibre optique est capable de transporter des donn\u00e9es \u00e0 la vitesse de la lumi\u00e8re. <\/p>\n\n\n\n<p>le premier pas a \u00e9t\u00e9 fait par le physicien anglais Jonh Tyndall en 1870. La th\u00e9orie \u00e9tait bas\u00e9eavec dans une lampe de poche dans un r\u00e9cipient opaque perfor\u00e9 et avec de l&rsquo;eau, il a prouv\u00e9 que la lumi\u00e8re pouvait effectivement faire de curves.<br>Cependant, personne n&rsquo;a soutenu ce visionnaire, et il a fallu encore 100 ans pour revenir sur cette base.<\/p>\n\n\n\n<p>C&rsquo;est \u00e0 ce moment que le physicien Narinder Singh Kapany a commenc\u00e9 \u00e0 \u00e9tudier, toute lumi\u00e8re qui entrait serait r\u00e9fl\u00e9chie sous tous les angles possibles.<\/p>\n\n\n\n<p>Plus tard, Narander Kapany, avec des fibres de verre d\u00e9j\u00e0 invent\u00e9es dans les dimensions d&rsquo;un cheveu et au stade parfait, a invent\u00e9 le terme fibre optique et a brevet\u00e9 l&rsquo;invention. Cependant, il ne voyait que l&rsquo;utilit\u00e9 de la fibre dans le domaine de la m\u00e9decine.<\/p>\n\n\n\n<p>Enfin, le physicien chinois Charles Kao a eu l&rsquo;id\u00e9e d&rsquo;utiliser des fibres optiques pour la transmission des appels t\u00e9l\u00e9phoniques.<\/p>\n\n\n\n<p>le premier r\u00e9seau t\u00e9l\u00e9phonique avec cette technologie a \u00e9t\u00e9 ouvert en 1973.<\/p>\n","protected":false},"excerpt":{"rendered":"<p>La fibre Optique \u00e0 la vitesse de la lumi\u00e8re Invent\u00e9 il y a plus de 50 ans, la fibre optique est capable de transporter des donn\u00e9es \u00e0 la vitesse de la lumi\u00e8re. le premier pas a \u00e9t\u00e9 fait par le physicien anglais Jonh Tyndall en 1870. La th\u00e9orie \u00e9tait bas\u00e9eavec dans une lampe de poche [&hellip;]<\/p>\n","protected":false},"author":1,"featured_media":0,"parent":0,"menu_order":0,"comment_status":"closed","ping_status":"closed","template":"","meta":[],"_links":{"self":[{"href":"https:\/\/nordos.fr\/index.php\/wp-json\/wp\/v2\/pages\/20"}],"collection":[{"href":"https:\/\/nordos.fr\/index.php\/wp-json\/wp\/v2\/pages"}],"about":[{"href":"https:\/\/nordos.fr\/index.php\/wp-json\/wp\/v2\/types\/page"}],"author":[{"embeddable":true,"href":"https:\/\/nordos.fr\/index.php\/wp-json\/wp\/v2\/users\/1"}],"replies":[{"embeddable":true,"href":"https:\/\/nordos.fr\/index.php\/wp-json\/wp\/v2\/comments?post=20"}],"version-history":[{"count":3,"href":"https:\/\/nordos.fr\/index.php\/wp-json\/wp\/v2\/pages\/20\/revisions"}],"predecessor-version":[{"id":99,"href":"https:\/\/nordos.fr\/index.php\/wp-json\/wp\/v2\/pages\/20\/revisions\/99"}],"wp:attachment":[{"href":"https:\/\/nordos.fr\/index.php\/wp-json\/wp\/v2\/media?parent=20"}],"curies":[{"name":"wp","href":"https:\/\/api.w.org\/{rel}","templated":true}]}}